{"id":26017677,"date":"2024-05-21T13:30:40","date_gmt":"2024-05-21T11:30:40","guid":{"rendered":"https:\/\/stage.ldv-muenchen.de\/digitales-klassenzimmer\/"},"modified":"2024-09-17T11:27:58","modified_gmt":"2024-09-17T09:27:58","slug":"classe-digitale","status":"publish","type":"page","link":"https:\/\/ldv-muenchen.de\/it\/classe-digitale\/","title":{"rendered":"Classe digitale"},"content":{"rendered":"<p>[et_pb_section fb_built=&#8221;1&#8243; fullwidth=&#8221;on&#8221; admin_label=&#8221;Top Header&#8221; _builder_version=&#8221;4.25.1&#8243; _module_preset=&#8221;default&#8221; background_color=&#8221;RGBA(255,255,255,0)&#8221; background_enable_image=&#8221;off&#8221; global_colors_info=&#8221;{}&#8221;][et_pb_fullwidth_slider _builder_version=&#8221;4.25.2&#8243; _module_preset=&#8221;default&#8221; content_width=&#8221;100%&#8221; content_max_width=&#8221;1280px&#8221; global_colors_info=&#8221;{}&#8221;][et_pb_slide _builder_version=&#8221;4.25.2&#8243; _module_preset=&#8221;default&#8221; header_font=&#8221;PT Sans Narrow||||||||&#8221; header_text_align=&#8221;left&#8221; header_line_height=&#8221;1.3em&#8221; background_color=&#8221;RGBA(255,255,255,0)&#8221; background_enable_color=&#8221;on&#8221; background_image=&#8221;https:\/\/ldv-muenchen.de\/wp-content\/uploads\/2024\/06\/ldv-muenchen-schulleben-min.jpg&#8221; background_enable_image=&#8221;on&#8221; custom_button=&#8221;on&#8221; button_text_size=&#8221;16px&#8221; button_text_color=&#8221;#FFFFFF&#8221; button_bg_color=&#8221;#0C71C3&#8243; button_border_width=&#8221;2px&#8221; button_border_color=&#8221;#0C71C3&#8243; button_font=&#8221;PT Sans Narrow||||||||&#8221; button_use_icon=&#8221;on&#8221; button_icon=&#8221;&#x24;||divi||400&#8243; button_icon_color=&#8221;#FFFFFF&#8221; button_on_hover=&#8221;on&#8221; button_alignment=&#8221;left&#8221; text_orientation=&#8221;left&#8221; global_colors_info=&#8221;{}&#8221; sticky_transition=&#8221;on&#8221;][\/et_pb_slide][\/et_pb_fullwidth_slider][\/et_pb_section][et_pb_section fb_built=&#8221;1&#8243; admin_label=&#8221;Element 1\/1 \u00fcber Element Text 1\/2 Bild 1\/2&#8243; _builder_version=&#8221;4.25.1&#8243; _module_preset=&#8221;default&#8221; global_colors_info=&#8221;{}&#8221;][et_pb_row _builder_version=&#8221;4.25.1&#8243; _module_preset=&#8221;default&#8221; custom_margin=&#8221;||0px||false|false&#8221; custom_padding=&#8221;||0px||false|false&#8221; global_colors_info=&#8221;{}&#8221;][et_pb_column type=&#8221;4_4&#8243; _builder_version=&#8221;4.24.3&#8243; _module_preset=&#8221;default&#8221; global_colors_info=&#8221;{}&#8221;][et_pb_text _builder_version=&#8221;4.25.2&#8243; _module_preset=&#8221;default&#8221; header_2_font=&#8221;PT Sans Narrow||||||||&#8221; header_2_font_size=&#8221;30px&#8221; header_2_line_height=&#8221;1.3em&#8221; global_colors_info=&#8221;{}&#8221;]<\/p>\n<h2>Classe digitale<\/h2>\n<p>[\/et_pb_text][\/et_pb_column][\/et_pb_row][et_pb_row column_structure=&#8221;1_2,1_2&#8243; use_custom_gutter=&#8221;on&#8221; _builder_version=&#8221;4.25.1&#8243; _module_preset=&#8221;default&#8221; custom_padding=&#8221;0px||||false|false&#8221; global_colors_info=&#8221;{}&#8221;][et_pb_column type=&#8221;1_2&#8243; _builder_version=&#8221;4.24.3&#8243; _module_preset=&#8221;default&#8221; global_colors_info=&#8221;{}&#8221;][et_pb_text _builder_version=&#8221;4.25.2&#8243; _module_preset=&#8221;default&#8221; global_colors_info=&#8221;{}&#8221;]<\/p>\n<p><span>L&#8217;uso sistematico di nuove tecnologie \u00e8 uno dei compiti importanti della scuola Leonardo da Vinci. \u00c8 compito della scuola impartire ai propri studenti le competenze mediatiche che potranno servire loro durante tutto il corso della vita.<\/span><br \/><span>Grazie a strumenti digitali l\u2019organizzazione scolastica pu\u00f2 essere ottimizzata in tutte le sue procedure. E allo stesso modo \u00e8 possibile arricchire le lezioni.<\/span><br \/><span>La nostra concezione permette alla scuola di essere pioniera nell\u2019ambito digitale e promuove la professionalizzazione degli insegnanti attraverso corsi di aggiornamento e impiego giornaliero.<\/span><br \/><span><\/span><\/p>\n<p><span>Investiamo nel sostegno digitale solo ed esclusivamente in ambiti in cui ci sembra opportuno farlo e dove ci\u00f2 pu\u00f2 offrire un valore aggiunto!<\/span><\/p>\n<p>[\/et_pb_text][\/et_pb_column][et_pb_column type=&#8221;1_2&#8243; _builder_version=&#8221;4.24.3&#8243; _module_preset=&#8221;default&#8221; global_colors_info=&#8221;{}&#8221;][et_pb_image src=&#8221;https:\/\/ldv-muenchen.de\/wp-content\/uploads\/2024\/06\/digitales-klassenzimmer.jpg&#8221; title_text=&#8221;digitales-klassenzimmer&#8221; _builder_version=&#8221;4.25.2&#8243; _module_preset=&#8221;default&#8221; global_colors_info=&#8221;{}&#8221;][\/et_pb_image][\/et_pb_column][\/et_pb_row][\/et_pb_section][et_pb_section fb_built=&#8221;1&#8243; admin_label=&#8221;Text 1\/4 : 1\/4 : 1\/4 : 1\/4&#8243; _builder_version=&#8221;4.25.1&#8243; _module_preset=&#8221;default&#8221; background_color=&#8221;#f2f2f2&#8243; background_image=&#8221;https:\/\/ldv-muenchen.de\/wp-content\/uploads\/2024\/06\/welle-blau_1920.jpg&#8221; parallax=&#8221;on&#8221; custom_margin=&#8221;||||false|false&#8221; custom_padding=&#8221;||||false|false&#8221; global_colors_info=&#8221;{}&#8221;][et_pb_row column_structure=&#8221;1_2,1_2&#8243; use_custom_gutter=&#8221;on&#8221; make_equal=&#8221;on&#8221; _builder_version=&#8221;4.25.1&#8243; _module_preset=&#8221;default&#8221; global_colors_info=&#8221;{}&#8221;][et_pb_column type=&#8221;1_2&#8243; _builder_version=&#8221;4.24.3&#8243; _module_preset=&#8221;default&#8221; global_colors_info=&#8221;{}&#8221;][et_pb_blurb title=&#8221;Office365&#8243; use_icon=&#8221;on&#8221; font_icon=&#8221;&#xe0e4;||divi||400&#8243; icon_placement=&#8221;left&#8221; _builder_version=&#8221;4.25.2&#8243; _module_preset=&#8221;default&#8221; background_color=&#8221;#FFFFFF&#8221; min_height=&#8221;100%&#8221; custom_padding=&#8221;15px|15px|15px|15px|false|false&#8221; global_colors_info=&#8221;{}&#8221;]<\/p>\n<p><span>La nostra scuola offre agli studenti e al personale scolastico l&#8217;opportunit\u00e0 di installare applicazioni Office, come Word, Excel, PowerPoint, Outlook e Access, su un massimo di 4 dispositivi, anche per uso personale. \u00c8 possibile configurare le app di Office su 4 PC, Mac e dispositivi mobili.<\/span><br \/><span>Per la guida all&#8217;installazione clic qui.<\/span><\/p>\n<p><a href=\"https:\/\/ldv-muenchen.de\/wp-content\/uploads\/2024\/06\/Digitales-Klassenzimmer-Office_365_install_guide.pdf\" target=\"_blank\" rel=\"noopener\">PDF Office 365<\/a><\/p>\n<p>&nbsp;<\/p>\n<p>[\/et_pb_blurb][\/et_pb_column][et_pb_column type=&#8221;1_2&#8243; _builder_version=&#8221;4.24.3&#8243; _module_preset=&#8221;default&#8221; global_colors_info=&#8221;{}&#8221;][et_pb_blurb title=&#8221;Telecamera per documenti + Beamer&#8221; use_icon=&#8221;on&#8221; font_icon=&#8221;&#xf030;||fa||900&#8243; icon_placement=&#8221;left&#8221; _builder_version=&#8221;4.25.2&#8243; _module_preset=&#8221;default&#8221; background_color=&#8221;#FFFFFF&#8221; min_height=&#8221;100%&#8221; custom_padding=&#8221;15px|15px|15px|15px|false|false&#8221; global_colors_info=&#8221;{}&#8221;]<\/p>\n<p>Gli strumenti digitali facilitano l&#8217;organizzazione scolastica e ampliano l&#8217;insegnamento, come le telecamere per documenti e i beamer.<br \/>Le le telecamere per documenti hanno molti vantaggi rispetto ai tradizionali proiettori a luce diurna e possono essere facilmente collegate ai computer e ai proiettori.<br \/>Le nostre aule sono dotate di potenti beamer che, grazie alla loro luminosit\u00e0, garantiscono una visione ottimale fino alle ultime file, assicurando una lezione perfetta e senza intoppi!<\/p>\n<p>[\/et_pb_blurb][\/et_pb_column][\/et_pb_row][et_pb_row column_structure=&#8221;1_2,1_2&#8243; use_custom_gutter=&#8221;on&#8221; make_equal=&#8221;on&#8221; _builder_version=&#8221;4.25.1&#8243; _module_preset=&#8221;default&#8221; custom_padding=&#8221;0px||||false|false&#8221; global_colors_info=&#8221;{}&#8221;][et_pb_column type=&#8221;1_2&#8243; _builder_version=&#8221;4.24.3&#8243; _module_preset=&#8221;default&#8221; global_colors_info=&#8221;{}&#8221;][et_pb_blurb title=&#8221;Carrelli per ricarica Tablet&#8221; use_icon=&#8221;on&#8221; font_icon=&#8221;&#xf328;||fa||900&#8243; icon_placement=&#8221;left&#8221; _builder_version=&#8221;4.25.2&#8243; _module_preset=&#8221;default&#8221; background_color=&#8221;#FFFFFF&#8221; min_height=&#8221;100%&#8221; custom_padding=&#8221;15px|15px|15px|15px|false|false&#8221; global_colors_info=&#8221;{}&#8221;]<\/p>\n<p>Durante le lezioni mettiamo a disposizione dei nostri studenti dei tablet. Cos\u00ec possono<span> ricercare autonomamente contenuti relativi alla lezione, elaborarli e successivamente presentarli alla classe. <\/span><span>I tablet sono lo strumento ideale per implementare digitalmente la lezione. Possono essere distribuiti in pochi minuti e sono pronti all\u2019uso con un solo clic.<\/span><br \/><span>Per essere risposti in sicurezza e trasportati da un\u2019aula all\u2019altra, gli iPad vengono conservati e allo stesso tempo protetti da danni all\u2019interno dei nostri carrelli ricarica tablet.<\/span><br \/><span>Anche la ricarica durante la notte o tra un\u2019ora e l\u2019altra avviene all\u2019interno dei carrelli. La gestione di ricarica integrata permette di caricare diversi tablet contemporaneamente.<\/span><\/p>\n<p>[\/et_pb_blurb][\/et_pb_column][et_pb_column type=&#8221;1_2&#8243; _builder_version=&#8221;4.24.3&#8243; _module_preset=&#8221;default&#8221; global_colors_info=&#8221;{}&#8221;][et_pb_blurb title=&#8221;Whiteboards&#8221; use_icon=&#8221;on&#8221; font_icon=&#8221;&#xf51c;||fa||900&#8243; icon_placement=&#8221;left&#8221; _builder_version=&#8221;4.25.2&#8243; _module_preset=&#8221;default&#8221; background_color=&#8221;#FFFFFF&#8221; min_height=&#8221;100%&#8221; custom_padding=&#8221;15px|15px|15px|15px|false|false&#8221; global_colors_info=&#8221;{}&#8221;]<\/p>\n<p><span>In classe, l&#8217;uso delle lavagne si \u00e8 dimostrato molto efficace. Non da ultimo perch\u00e9 la calligrafia ha un ruolo fondamentale; infatti, non la vogliamo abbandonare perch\u00e9 reputiamo molto importante la possibilit\u00e0 di poterla utilizzare per lavorare sulla grafia. Inoltre, lo svolgimento a mano alla lavagna rende per gli alunni la lezione pi\u00f9 viva e di conseguenza pi\u00f9 facile da ricordare e da comprendere. I nostri alunni utilizzano dei quaderni e prendono i propri appunti a mano.<\/span><br \/><span>La proiezione con il beamer avviene sulla lavagna o su una tela, in tal modo la lezione viene completata in modo digitale.<\/span><\/p>\n<p>[\/et_pb_blurb][\/et_pb_column][\/et_pb_row][\/et_pb_section][et_pb_section fb_built=&#8221;1&#8243; admin_label=&#8221;3-Spalter&#8221; _builder_version=&#8221;4.25.1&#8243; _module_preset=&#8221;default&#8221; global_colors_info=&#8221;{}&#8221;][et_pb_row column_structure=&#8221;1_2,1_2&#8243; use_custom_gutter=&#8221;on&#8221; _builder_version=&#8221;4.25.1&#8243; _module_preset=&#8221;default&#8221; custom_margin=&#8221;0px||||false|false&#8221; custom_padding=&#8221;0px||||false|false&#8221; global_colors_info=&#8221;{}&#8221;][et_pb_column type=&#8221;1_2&#8243; _builder_version=&#8221;4.25.1&#8243; _module_preset=&#8221;default&#8221; global_colors_info=&#8221;{}&#8221;][et_pb_image src=&#8221;https:\/\/ldv-muenchen.de\/wp-content\/uploads\/2024\/06\/digitale-buecher.jpg&#8221; title_text=&#8221;digitale-buecher&#8221; _builder_version=&#8221;4.25.2&#8243; _module_preset=&#8221;default&#8221; custom_margin=&#8221;||0px||false|false&#8221; global_colors_info=&#8221;{}&#8221;][\/et_pb_image][et_pb_text _builder_version=&#8221;4.25.2&#8243; _module_preset=&#8221;default&#8221; background_color=&#8221;RGBA(255,255,255,0)&#8221; custom_margin=&#8221;0px||0px||false|false&#8221; custom_padding=&#8221;20px|20px|20px|20px|false|false&#8221; global_colors_info=&#8221;{}&#8221;]<\/p>\n<p><strong>LIBRI DIGITALI<\/strong><\/p>\n<p><span>Per gli alunni del Gymnasium \u00e8 possibile acquistare la versione digitale dei libri di testo. Ogni famiglia potr\u00e0 decidere liberamente se acquistare:<\/span><\/p>\n<ul>\n<li><span>libri di testo cartacei tradizionali<\/span><\/li>\n<li><span>libri di testo digitali<\/span><\/li>\n<li><span>entrambe le versioni<\/span><\/li>\n<\/ul>\n<p><strong>Di seguito alcune importanti informazioni relative ai libri digitali:<\/strong><\/p>\n<ul>\n<li><span>I dispositivi digitali (per esempio tablets o laptops) sono a carico della famiglia. La scuola pertanto non metter\u00e0 a disposizione alcun dispositivo digitale. Nella classe pilota 8. sono stati utilizzati i pi\u00f9 comuni tablet offerti oggi dal mercato che usino i sistemi operativi Android o iOS (iPad, Samsung, Lenovo, ecc\u2026)<\/span><\/li>\n<li><span>I libri digitali dovranno essere scaricati sui dispositivi che verranno utilizzati esclusivamente off-line a scuola.<\/span><\/li>\n<li><span>Si prega di verificare che su tali dispositivi non siano presenti giochi o quant&#8217;altro non sia necessario durante le ore trascorse dentro la scuola.<\/span><\/li>\n<li><span>I dispositivi digitali dovranno sempre avere la batteria carica. Il dispositivo digitale non potr\u00e0 essere ricaricato a scuola.<\/span><\/li>\n<li><span>Nel caso di danno causato da un altro compagno\/a ai dispositivi digitali, sar\u00e0 l\u2019assicurazione (Haftpflichtversicherung) di questo\/a a rispondere del danno.<\/span><\/li>\n<li><span>Nel caso di smarrimento\/furto dei dispositivi digitali, se la famiglia del ragazzo possiede una Hausratversicherung questa coprir\u00e0 il danno;<\/span><\/li>\n<li><span>In tutti le altre situazioni possibili, il danno ai dispositivi digitali non \u00e8 coperto a meno che la famiglia abbia un\u2019assicurazione per apparecchiature elettriche e\/o abbia assicurato il dispositivo digitale stesso.<\/span><\/li>\n<li><span>La scuola non risponde di eventuali danni causati ai dispositivi digitali.<\/span><\/li>\n<\/ul>\n<p>[\/et_pb_text][\/et_pb_column][et_pb_column type=&#8221;1_2&#8243; _builder_version=&#8221;4.25.1&#8243; _module_preset=&#8221;default&#8221; global_colors_info=&#8221;{}&#8221;][et_pb_image src=&#8221;https:\/\/ldv-muenchen.de\/wp-content\/uploads\/2024\/06\/elektronisches-klassenbuch.jpg&#8221; title_text=&#8221;elektronisches-klassenbuch&#8221; _builder_version=&#8221;4.25.2&#8243; _module_preset=&#8221;default&#8221; custom_margin=&#8221;||0px||false|false&#8221; custom_padding=&#8221;||0px||false|false&#8221; global_colors_info=&#8221;{}&#8221;][\/et_pb_image][et_pb_text _builder_version=&#8221;4.26.1&#8243; _module_preset=&#8221;default&#8221; background_color=&#8221;RGBA(255,255,255,0)&#8221; custom_margin=&#8221;0px||0px||false|false&#8221; custom_padding=&#8221;20px|20px|20px|20px|false|false&#8221; hover_enabled=&#8221;0&#8243; global_colors_info=&#8221;{}&#8221; sticky_enabled=&#8221;0&#8243;]<\/p>\n<p><strong>REGISTRO ELETTRONICO WEBUNTIS<\/strong><\/p>\n<p><span>Tutti i genitori che hanno comunicato un indirizzo e-mail alla LDV (ad esempio durante l&#8217;iscrizione) possono registrarsi autonomamente su WebUntis al seguente link: <a href=\"https:\/\/webuntis.com\/\" target=\"_blank\" rel=\"noopener\"><strong>https:\/\/webuntis.com\/<\/strong><\/a><br \/>Consigliamo di effettuare la registrazione nella versione browser su un convenzionale laptop, PC o tablet.<\/span><br \/><span>WebUntis funziona su tutti i dispositivi connessione ad Internet e su tutti i browser. Ci sono anche le app \u201cUntis mobile\u201d per iOS e Android.<\/span><br \/><span>Il registro elettronico WebUntis offre diverse funzioni:<\/span><\/p>\n<p><strong>ASSENZE:<span>\u00a0<\/span><\/strong><span>a\u00a0volte non si ha il tempo di comunicare per tempo l\u2019assenza dei propri figli. Allo stesso tempo il telefono della segreteria risulta costantemente occupato perch\u00e9 circa 50 genitori chiamano contemporaneamente la scuola. Per questo motivo siete pregati di utilizzare esclusivamente il vostro account WebUntis per registrare le assenze dei vostri figli, prima dell\u2019inizio delle lezioni.<\/span><br \/><strong><\/strong><\/p>\n<p><strong>CONTENUTO DELLE LEZIONI:<\/strong><span>\u00a0qui troverete solo gli argomenti principali delle lezioni svolte in classe. Vi ricordiamo tuttavia che una lezione completa non pu\u00f2 sintetizzata in una sola riga, per questo motivo non troverete informazioni esaurienti inerenti tutti gli aspetti e\/o i contenuti svolti durante la lezione.<\/span><br \/><strong><\/strong><\/p>\n<p><strong>COMPITI PER CASA:<\/strong><span> i compiti per casa vengono inseriti al termine delle lezioni, o al pi\u00f9 tardi entro il pomeriggio del giorno stesso in WebUntis, in modo che i genitori possano controllare quali compiti devono essere eseguiti. Il diario rimane comunque, lo strumento principale per la trascrizione dei compiti. WebUntis funge solo da strumento di controllo per i genitori. <\/span><span style=\"text-decoration: underline;\">Importante:<\/span> L&#8217;inserimento dei compiti da parte del docente in WebUntis non esonera gli studenti dall&#8217;obbligo di scrivere i compiti sul diario!<br \/><strong><\/strong><\/p>\n<p><strong>COMPITI IN CLASSE:<\/strong><span>\u00a0anche i compiti in classe saranno visibili in WebUntis. Tuttavia, si ricorda che, le informazioni inerenti le verifiche e i compiti in classe variano a seconda della materia e dell&#8217;insegnante. Anche qui vale quanto sopra: le informazioni inserite in WebUntis non sostituiscono le informazioni che l&#8217;insegnante comunicher\u00e0 in classe.<\/span><br \/><strong><\/strong><\/p>\n<p><strong>ORARIO DI RICEVIMENTO:<\/strong><span>\u00a0i\u00a0genitori possono ora prenotare in WebUntis l\u2019appuntamento durante l\u2019orario di ricevimento degli insegnati. Gli insegnanti vedranno in WebUntis gli appuntamenti prenotati e potranno inviare via e-mail il link per il colloquio via teams. All&#8217;orario prenotato, l&#8217;insegnante e il genitore si incontreranno in videoconferenza per il colloquio on-line.<\/span><br \/><strong><\/strong><\/p>\n<p><strong>INCARICHI DI CLASSE:<\/strong><span>\u00a0gli incarichi di classe includono, ad esempio, i rappresentanti di classe o i responsabili per l\u2019ordine e la pulizia. I genitori potranno ora vedere quando ai propri figli verranno assegnati gli incarichi di classe.<\/span><\/p>\n<p>[\/et_pb_text][\/et_pb_column][\/et_pb_row][\/et_pb_section]<\/p>\n","protected":false},"excerpt":{"rendered":"<p>Classe digitaleL&#8217;uso sistematico di nuove tecnologie \u00e8 uno dei compiti importanti della scuola Leonardo da Vinci. \u00c8 compito della scuola impartire ai propri studenti le competenze mediatiche che potranno servire [&hellip;]<\/p>\n","protected":false},"author":1,"featured_media":0,"parent":0,"menu_order":0,"comment_status":"closed","ping_status":"closed","template":"","meta":{"_et_pb_use_builder":"on","_et_pb_old_content":"","_et_gb_content_width":"","_price":"","_stock":"","_tribe_ticket_header":"","_tribe_default_ticket_provider":"","_tribe_ticket_capacity":"0","_ticket_start_date":"","_ticket_end_date":"","_tribe_ticket_show_description":"","_tribe_ticket_show_not_going":false,"_tribe_ticket_use_global_stock":"","_tribe_ticket_global_stock_level":"","_global_stock_mode":"","_global_stock_cap":"","_tribe_rsvp_for_event":"","_tribe_ticket_going_count":"","_tribe_ticket_not_going_count":"","_tribe_tickets_list":"[]","_tribe_ticket_has_attendee_info_fields":false,"footnotes":"","_tec_slr_enabled":"","_tec_slr_layout":""},"dipi_cpt_category":[],"class_list":["post-26017677","page","type-page","status-publish","hentry"],"ticketed":false,"_links":{"self":[{"href":"https:\/\/ldv-muenchen.de\/it\/wp-json\/wp\/v2\/pages\/26017677","targetHints":{"allow":["GET"]}}],"collection":[{"href":"https:\/\/ldv-muenchen.de\/it\/wp-json\/wp\/v2\/pages"}],"about":[{"href":"https:\/\/ldv-muenchen.de\/it\/wp-json\/wp\/v2\/types\/page"}],"author":[{"embeddable":true,"href":"https:\/\/ldv-muenchen.de\/it\/wp-json\/wp\/v2\/users\/1"}],"replies":[{"embeddable":true,"href":"https:\/\/ldv-muenchen.de\/it\/wp-json\/wp\/v2\/comments?post=26017677"}],"version-history":[{"count":0,"href":"https:\/\/ldv-muenchen.de\/it\/wp-json\/wp\/v2\/pages\/26017677\/revisions"}],"wp:attachment":[{"href":"https:\/\/ldv-muenchen.de\/it\/wp-json\/wp\/v2\/media?parent=26017677"}],"wp:term":[{"taxonomy":"dipi_cpt_category","embeddable":true,"href":"https:\/\/ldv-muenchen.de\/it\/wp-json\/wp\/v2\/dipi_cpt_category?post=26017677"}],"curies":[{"name":"wp","href":"https:\/\/api.w.org\/{rel}","templated":true}]}}