{"id":26017675,"date":"2024-05-21T16:02:52","date_gmt":"2024-05-21T14:02:52","guid":{"rendered":"https:\/\/stage.ldv-muenchen.de\/termine-neuigkeiten\/"},"modified":"2026-01-13T14:46:35","modified_gmt":"2026-01-13T13:46:35","slug":"novita-prossimi-appuntamenti","status":"publish","type":"page","link":"https:\/\/ldv-muenchen.de\/it\/novita-prossimi-appuntamenti\/","title":{"rendered":"Novit\u00e0 &#038; prossimi appuntamenti"},"content":{"rendered":"<p>[et_pb_section fb_built=&#8221;1&#8243; fullwidth=&#8221;on&#8221; admin_label=&#8221;Top Header&#8221; _builder_version=&#8221;4.25.1&#8243; _module_preset=&#8221;default&#8221; background_color=&#8221;RGBA(255,255,255,0)&#8221; background_enable_image=&#8221;off&#8221; global_colors_info=&#8221;{}&#8221;][et_pb_fullwidth_slider _builder_version=&#8221;4.25.2&#8243; _module_preset=&#8221;default&#8221; content_width=&#8221;100%&#8221; content_max_width=&#8221;1280px&#8221; global_colors_info=&#8221;{}&#8221;][et_pb_slide _builder_version=&#8221;4.25.2&#8243; _module_preset=&#8221;default&#8221; header_font=&#8221;PT Sans Narrow||||||||&#8221; header_text_align=&#8221;left&#8221; header_line_height=&#8221;1.3em&#8221; background_color=&#8221;RGBA(255,255,255,0)&#8221; background_enable_color=&#8221;on&#8221; background_image=&#8221;https:\/\/ldv-muenchen.de\/wp-content\/uploads\/2024\/06\/ldv-muenchen-schulleben-min.jpg&#8221; background_enable_image=&#8221;on&#8221; custom_button=&#8221;on&#8221; button_text_size=&#8221;16px&#8221; button_text_color=&#8221;#FFFFFF&#8221; button_bg_color=&#8221;#0C71C3&#8243; button_border_width=&#8221;2px&#8221; button_border_color=&#8221;#0C71C3&#8243; button_font=&#8221;PT Sans Narrow||||||||&#8221; button_use_icon=&#8221;on&#8221; button_icon=&#8221;&#x24;||divi||400&#8243; button_icon_color=&#8221;#FFFFFF&#8221; button_on_hover=&#8221;on&#8221; button_alignment=&#8221;left&#8221; text_orientation=&#8221;left&#8221; global_colors_info=&#8221;{}&#8221; sticky_transition=&#8221;on&#8221;][\/et_pb_slide][\/et_pb_fullwidth_slider][\/et_pb_section][et_pb_section fb_built=&#8221;1&#8243; admin_label=&#8221;Element 1\/1 \u00fcber Element Text 1\/2 Bild 1\/2&#8243; _builder_version=&#8221;4.25.1&#8243; _module_preset=&#8221;default&#8221; global_colors_info=&#8221;{}&#8221;][et_pb_row _builder_version=&#8221;4.25.1&#8243; _module_preset=&#8221;default&#8221; custom_margin=&#8221;||0px||false|false&#8221; custom_padding=&#8221;||0px||false|false&#8221; global_colors_info=&#8221;{}&#8221;][et_pb_column type=&#8221;4_4&#8243; _builder_version=&#8221;4.24.3&#8243; _module_preset=&#8221;default&#8221; global_colors_info=&#8221;{}&#8221;][\/et_pb_column][\/et_pb_row][et_pb_row _builder_version=&#8221;4.25.1&#8243; _module_preset=&#8221;default&#8221; custom_margin=&#8221;||0px||false|false&#8221; custom_padding=&#8221;||0px||false|false&#8221; global_colors_info=&#8221;{}&#8221;][et_pb_column type=&#8221;4_4&#8243; _builder_version=&#8221;4.24.3&#8243; _module_preset=&#8221;default&#8221; global_colors_info=&#8221;{}&#8221;][et_pb_text _builder_version=&#8221;4.25.2&#8243; _module_preset=&#8221;default&#8221; header_2_font=&#8221;PT Sans Narrow||||||||&#8221; header_2_font_size=&#8221;30px&#8221; header_2_line_height=&#8221;1.3em&#8221; global_colors_info=&#8221;{}&#8221;]<\/p>\n<h2>Novit\u00e0 &amp; prossimi appuntamenti<\/h2>\n<p>[\/et_pb_text][\/et_pb_column][\/et_pb_row][et_pb_row column_structure=&#8221;1_2,1_2&#8243; use_custom_gutter=&#8221;on&#8221; _builder_version=&#8221;4.25.1&#8243; _module_preset=&#8221;default&#8221; custom_padding=&#8221;0px||||false|false&#8221; global_colors_info=&#8221;{}&#8221;][et_pb_column type=&#8221;1_2&#8243; _builder_version=&#8221;4.24.3&#8243; _module_preset=&#8221;default&#8221; global_colors_info=&#8221;{}&#8221;][et_pb_text _builder_version=&#8221;4.25.2&#8243; _module_preset=&#8221;default&#8221; global_colors_info=&#8221;{}&#8221;]<\/p>\n<p><span>Noi alla scuola Leonardo da Vinci abbiamo un calendario vacanze specifico, approvato dal Ministero per l\u2019istruzione bavarese. Differisce da quello bavarese per quanto riguarda la durata delle vacanze di Pasqua, di Pentecoste e di quelle estive. Per conoscere le date precise, vi invitiamo a consultare il nostro calendario scolastico attuale e futuro.<\/span><\/p>\n<p>[\/et_pb_text][\/et_pb_column][et_pb_column type=&#8221;1_2&#8243; _builder_version=&#8221;4.24.3&#8243; _module_preset=&#8221;default&#8221; global_colors_info=&#8221;{}&#8221;][et_pb_image src=&#8221;https:\/\/ldv-muenchen.de\/wp-content\/uploads\/2024\/06\/ldv-termine.jpg&#8221; title_text=&#8221;ldv-termine&#8221; _builder_version=&#8221;4.25.2&#8243; _module_preset=&#8221;default&#8221; global_colors_info=&#8221;{}&#8221;][\/et_pb_image][\/et_pb_column][\/et_pb_row][\/et_pb_section][et_pb_section fb_built=&#8221;1&#8243; _builder_version=&#8221;4.25.1&#8243; _module_preset=&#8221;default&#8221; background_color=&#8221;#f2f2f2&#8243; background_image=&#8221;https:\/\/ldv-muenchen.de\/wp-content\/uploads\/2024\/06\/welle_orange_1920.jpg&#8221; parallax=&#8221;on&#8221; global_colors_info=&#8221;{}&#8221;][et_pb_row column_structure=&#8221;1_2,1_2&#8243; use_custom_gutter=&#8221;on&#8221; _builder_version=&#8221;4.25.1&#8243; _module_preset=&#8221;default&#8221; global_colors_info=&#8221;{}&#8221;][et_pb_column type=&#8221;1_2&#8243; _builder_version=&#8221;4.24.3&#8243; _module_preset=&#8221;default&#8221; global_colors_info=&#8221;{}&#8221;][et_pb_blurb use_icon=&#8221;on&#8221; font_icon=&#8221;&#xe012;||divi||400&#8243; icon_placement=&#8221;left&#8221; _builder_version=&#8221;4.27.4&#8243; _module_preset=&#8221;default&#8221; body_font_size=&#8221;23px&#8221; background_color=&#8221;#FFFFFF&#8221; custom_padding=&#8221;15px|15px|15px|15px|false|false&#8221; border_width_all=&#8221;2px&#8221; border_color_all=&#8221;#0c71c3&#8243; global_colors_info=&#8221;{}&#8221;]<\/p>\n<p style=\"text-align: left;\"><strong>Calendario scolastico 2025\/2026<\/strong><\/p>\n<p>[\/et_pb_blurb][et_pb_button button_url=&#8221;https:\/\/ldv-muenchen.de\/wp-content\/uploads\/2025\/07\/Schulkalender-LdV_2025-2026.pdf&#8221; url_new_window=&#8221;on&#8221; button_text=&#8221;PDF&#8221; button_alignment=&#8221;left&#8221; _builder_version=&#8221;4.27.4&#8243; _module_preset=&#8221;default&#8221; custom_button=&#8221;on&#8221; button_text_size=&#8221;16px&#8221; button_text_color=&#8221;#FFFFFF&#8221; button_bg_color=&#8221;#0C71C3&#8243; button_border_width=&#8221;2px&#8221; button_border_color=&#8221;#0c71c3&#8243; button_border_radius=&#8221;0px&#8221; button_font=&#8221;PT Sans Narrow||||||||&#8221; button_icon=&#8221;&#x24;||divi||400&#8243; button_icon_color=&#8221;#FFFFFF&#8221; custom_margin=&#8221;||||false|false&#8221; custom_padding=&#8221;||||false|false&#8221; global_colors_info=&#8221;{}&#8221;][\/et_pb_button][\/et_pb_column][et_pb_column type=&#8221;1_2&#8243; _builder_version=&#8221;4.24.3&#8243; _module_preset=&#8221;default&#8221; global_colors_info=&#8221;{}&#8221;][et_pb_blurb use_icon=&#8221;on&#8221; font_icon=&#8221;&#xe012;||divi||400&#8243; icon_placement=&#8221;left&#8221; _builder_version=&#8221;4.27.4&#8243; _module_preset=&#8221;default&#8221; body_font_size=&#8221;23px&#8221; background_color=&#8221;#FFFFFF&#8221; custom_padding=&#8221;15px|15px|15px|15px|false|false&#8221; border_width_all=&#8221;2px&#8221; border_color_all=&#8221;#0c71c3&#8243; global_colors_info=&#8221;{}&#8221;]<\/p>\n<p><strong>Calendario scolastico 2026\/2027<\/strong><\/p>\n<p>[\/et_pb_blurb][et_pb_button button_url=&#8221;https:\/\/ldv-muenchen.de\/wp-content\/uploads\/2026\/01\/Schulkalender-LdV_2026-2027.pdf&#8221; url_new_window=&#8221;on&#8221; button_text=&#8221;PDF&#8221; button_alignment=&#8221;left&#8221; _builder_version=&#8221;4.27.5&#8243; _module_preset=&#8221;default&#8221; custom_button=&#8221;on&#8221; button_text_size=&#8221;16px&#8221; button_text_color=&#8221;#FFFFFF&#8221; button_bg_color=&#8221;#0C71C3&#8243; button_border_width=&#8221;2px&#8221; button_border_color=&#8221;#0c71c3&#8243; button_border_radius=&#8221;0px&#8221; button_font=&#8221;PT Sans Narrow||||||||&#8221; button_icon=&#8221;&#x24;||divi||400&#8243; button_icon_color=&#8221;#FFFFFF&#8221; custom_margin=&#8221;||||false|false&#8221; custom_padding=&#8221;||||false|false&#8221; hover_enabled=&#8221;0&#8243; global_colors_info=&#8221;{}&#8221; sticky_enabled=&#8221;0&#8243;][\/et_pb_button][\/et_pb_column][\/et_pb_row][\/et_pb_section][et_pb_section fb_built=&#8221;1&#8243; admin_label=&#8221;Element 1\/1 \u00fcber Element Text 1\/2 Bild 1\/2&#8243; _builder_version=&#8221;4.25.1&#8243; _module_preset=&#8221;default&#8221; global_colors_info=&#8221;{}&#8221;][et_pb_row column_structure=&#8221;1_2,1_2&#8243; use_custom_gutter=&#8221;on&#8221; _builder_version=&#8221;4.25.1&#8243; _module_preset=&#8221;default&#8221; custom_padding=&#8221;0px||||false|false&#8221; global_colors_info=&#8221;{}&#8221;][et_pb_column type=&#8221;1_2&#8243; _builder_version=&#8221;4.24.3&#8243; _module_preset=&#8221;default&#8221; global_colors_info=&#8221;{}&#8221;][et_pb_text _builder_version=&#8221;4.25.2&#8243; _module_preset=&#8221;default&#8221; header_2_font=&#8221;PT Sans Narrow||||||||&#8221; header_2_font_size=&#8221;30px&#8221; header_2_line_height=&#8221;1.3em&#8221; global_colors_info=&#8221;{}&#8221;]<\/p>\n<h3>Prossimi appuntamenti<\/h3>\n<p>[\/et_pb_text][et_pb_text _builder_version=&#8221;4.25.2&#8243; _module_preset=&#8221;default&#8221; global_colors_info=&#8221;{}&#8221;]<\/p>\n<p>Qui troverete tutti gli eventi e le date importanti per l&#8217;anno scolastico in corso. Si consiglia di tenersi regolarmente aggiornati sugli eventi, le festivit\u00e0, le escursioni e le attivit\u00e0 che coinvolgono l&#8217;intera communit\u00e0 scolastica.<\/p>\n<p>[\/et_pb_text][decm_event_display event_selection=&#8221;all_event&#8221; show_recurring_events=&#8221;off&#8221; show_feature_image=&#8221;off&#8221; show_date=&#8221;off&#8221; show_end_date=&#8221;off&#8221; show_time=&#8221;off&#8221; show_venue=&#8221;off&#8221; show_name=&#8221;off&#8221; show_price=&#8221;off&#8221; show_category=&#8221;off&#8221; hide_comma_cat=&#8221;off&#8221; show_tag=&#8221;off&#8221; show_weburl=&#8221;off&#8221; show_detail=&#8221;off&#8221; show_data_one_line=&#8221;off&#8221; event_count=&#8221;100&#8243; layout=&#8221;list&#8221; list_layout=&#8221;rightimage_leftdetail&#8221; details_link_color=&#8221;#000000&#8243; details_icon_size=&#8221;16px&#8221; cards_spacing=&#8221;0px|0px|0px|0px|false|false&#8221; event_inner_spacing=&#8221;0px|20px|0px|20px|false|false&#8221; month_margin=&#8221;|20px||20px|false|false&#8221; _builder_version=&#8221;4.27.4&#8243; _module_preset=&#8221;default&#8221; title_font=&#8221;PT Sans Narrow|700|||||||&#8221; title_text_color=&#8221;#000000&#8243; title_font_size=&#8221;18px&#8221; title_line_height=&#8221;1.3em&#8221; duration_font=&#8221;Trebuchet||||||||&#8221; duration_font_size=&#8221;16px&#8221; duration_line_height=&#8221;1.3em&#8221; duration_labels_text_color=&#8221;#000000&#8243; duration_labels_font_size=&#8221;14px&#8221; duration_labels_line_height=&#8221;1.3em&#8221; month_sep_font=&#8221;|700|||||||&#8221; background_color=&#8221;#dbeef8&#8243; custom_margin=&#8221;0px|0px|0px|0px|false|false&#8221; custom_padding=&#8221;20px|0px|0px|0px|false|false&#8221; global_colors_info=&#8221;{}&#8221;][\/decm_event_display][\/et_pb_column][et_pb_column type=&#8221;1_2&#8243; _builder_version=&#8221;4.24.3&#8243; _module_preset=&#8221;default&#8221; global_colors_info=&#8221;{}&#8221;][et_pb_image src=&#8221;https:\/\/ldv-muenchen.de\/wp-content\/uploads\/2024\/07\/LR6A2586-scaled-e1719822075112.jpg&#8221; title_text=&#8221;LR6A2586&#8243; _builder_version=&#8221;4.25.2&#8243; _module_preset=&#8221;default&#8221; global_colors_info=&#8221;{}&#8221;][\/et_pb_image][\/et_pb_column][\/et_pb_row][\/et_pb_section]<\/p>\n","protected":false},"excerpt":{"rendered":"<p>Novit\u00e0 &amp; prossimi appuntamentiNoi alla scuola Leonardo da Vinci abbiamo un calendario vacanze specifico, approvato dal Ministero per l\u2019istruzione bavarese. Differisce da quello bavarese per quanto riguarda la durata delle [&hellip;]<\/p>\n","protected":false},"author":1,"featured_media":0,"parent":0,"menu_order":0,"comment_status":"closed","ping_status":"closed","template":"","meta":{"_et_pb_use_builder":"on","_et_pb_old_content":"","_et_gb_content_width":"","_price":"","_stock":"","_tribe_ticket_header":"","_tribe_default_ticket_provider":"","_tribe_ticket_capacity":"0","_ticket_start_date":"","_ticket_end_date":"","_tribe_ticket_show_description":"","_tribe_ticket_show_not_going":false,"_tribe_ticket_use_global_stock":"","_tribe_ticket_global_stock_level":"","_global_stock_mode":"","_global_stock_cap":"","_tribe_rsvp_for_event":"","_tribe_ticket_going_count":"","_tribe_ticket_not_going_count":"","_tribe_tickets_list":"[]","_tribe_ticket_has_attendee_info_fields":false,"footnotes":"","_tec_slr_enabled":"","_tec_slr_layout":""},"dipi_cpt_category":[],"class_list":["post-26017675","page","type-page","status-publish","hentry"],"ticketed":false,"_links":{"self":[{"href":"https:\/\/ldv-muenchen.de\/it\/wp-json\/wp\/v2\/pages\/26017675","targetHints":{"allow":["GET"]}}],"collection":[{"href":"https:\/\/ldv-muenchen.de\/it\/wp-json\/wp\/v2\/pages"}],"about":[{"href":"https:\/\/ldv-muenchen.de\/it\/wp-json\/wp\/v2\/types\/page"}],"author":[{"embeddable":true,"href":"https:\/\/ldv-muenchen.de\/it\/wp-json\/wp\/v2\/users\/1"}],"replies":[{"embeddable":true,"href":"https:\/\/ldv-muenchen.de\/it\/wp-json\/wp\/v2\/comments?post=26017675"}],"version-history":[{"count":1,"href":"https:\/\/ldv-muenchen.de\/it\/wp-json\/wp\/v2\/pages\/26017675\/revisions"}],"predecessor-version":[{"id":26021567,"href":"https:\/\/ldv-muenchen.de\/it\/wp-json\/wp\/v2\/pages\/26017675\/revisions\/26021567"}],"wp:attachment":[{"href":"https:\/\/ldv-muenchen.de\/it\/wp-json\/wp\/v2\/media?parent=26017675"}],"wp:term":[{"taxonomy":"dipi_cpt_category","embeddable":true,"href":"https:\/\/ldv-muenchen.de\/it\/wp-json\/wp\/v2\/dipi_cpt_category?post=26017675"}],"curies":[{"name":"wp","href":"https:\/\/api.w.org\/{rel}","templated":true}]}}