{"id":26017652,"date":"2024-05-21T16:24:36","date_gmt":"2024-05-21T14:24:36","guid":{"rendered":"https:\/\/stage.ldv-muenchen.de\/projekte-wettbewerbe-impressionen-gym\/"},"modified":"2025-09-02T12:19:04","modified_gmt":"2025-09-02T10:19:04","slug":"progetti-per-gymnasium","status":"publish","type":"page","link":"https:\/\/ldv-muenchen.de\/it\/progetti-per-gymnasium\/","title":{"rendered":"Progetti"},"content":{"rendered":"<p>[et_pb_section fb_built=&#8221;1&#8243; fullwidth=&#8221;on&#8221; admin_label=&#8221;Top Header&#8221; _builder_version=&#8221;4.25.1&#8243; _module_preset=&#8221;default&#8221; background_color=&#8221;RGBA(255,255,255,0)&#8221; background_enable_image=&#8221;off&#8221; global_colors_info=&#8221;{}&#8221;][et_pb_fullwidth_slider _builder_version=&#8221;4.25.2&#8243; _module_preset=&#8221;default&#8221; content_width=&#8221;100%&#8221; content_max_width=&#8221;1280px&#8221; global_colors_info=&#8221;{}&#8221;][et_pb_slide _builder_version=&#8221;4.25.2&#8243; _module_preset=&#8221;default&#8221; header_font=&#8221;PT Sans Narrow||||||||&#8221; header_text_align=&#8221;left&#8221; header_line_height=&#8221;1.3em&#8221; background_color=&#8221;RGBA(255,255,255,0)&#8221; background_enable_color=&#8221;on&#8221; background_image=&#8221;https:\/\/ldv-muenchen.de\/wp-content\/uploads\/2024\/06\/ldv-muenchen-gymnasium-min.jpg&#8221; background_enable_image=&#8221;on&#8221; custom_button=&#8221;on&#8221; button_text_size=&#8221;16px&#8221; button_text_color=&#8221;#FFFFFF&#8221; button_bg_color=&#8221;#0C71C3&#8243; button_border_width=&#8221;2px&#8221; button_border_color=&#8221;#0C71C3&#8243; button_font=&#8221;PT Sans Narrow||||||||&#8221; button_use_icon=&#8221;on&#8221; button_icon=&#8221;&#x24;||divi||400&#8243; button_icon_color=&#8221;#FFFFFF&#8221; button_on_hover=&#8221;on&#8221; button_alignment=&#8221;left&#8221; text_orientation=&#8221;left&#8221; global_colors_info=&#8221;{}&#8221; sticky_transition=&#8221;on&#8221;][\/et_pb_slide][\/et_pb_fullwidth_slider][\/et_pb_section][et_pb_section fb_built=&#8221;1&#8243; admin_label=&#8221;Element 1\/1 \u00fcber Element Text 1\/2 Bild 1\/2&#8243; _builder_version=&#8221;4.25.1&#8243; _module_preset=&#8221;default&#8221; global_colors_info=&#8221;{}&#8221;][et_pb_row _builder_version=&#8221;4.25.1&#8243; _module_preset=&#8221;default&#8221; custom_margin=&#8221;||0px||false|false&#8221; custom_padding=&#8221;||0px||false|false&#8221; global_colors_info=&#8221;{}&#8221;][et_pb_column type=&#8221;4_4&#8243; _builder_version=&#8221;4.24.3&#8243; _module_preset=&#8221;default&#8221; global_colors_info=&#8221;{}&#8221;][et_pb_text _builder_version=&#8221;4.25.2&#8243; _module_preset=&#8221;default&#8221; header_2_font=&#8221;PT Sans Narrow||||||||&#8221; header_2_font_size=&#8221;30px&#8221; header_2_line_height=&#8221;1.3em&#8221; global_colors_info=&#8221;{}&#8221;]<\/p>\n<h2>Progetti, concorsi &amp; impressioni<\/h2>\n<p>[\/et_pb_text][\/et_pb_column][\/et_pb_row][et_pb_row column_structure=&#8221;1_2,1_2&#8243; use_custom_gutter=&#8221;on&#8221; _builder_version=&#8221;4.25.1&#8243; _module_preset=&#8221;default&#8221; custom_padding=&#8221;0px||||false|false&#8221; global_colors_info=&#8221;{}&#8221;][et_pb_column type=&#8221;1_2&#8243; _builder_version=&#8221;4.24.3&#8243; _module_preset=&#8221;default&#8221; global_colors_info=&#8221;{}&#8221;][et_pb_text _builder_version=&#8221;4.27.4&#8243; _module_preset=&#8221;default&#8221; hover_enabled=&#8221;0&#8243; global_colors_info=&#8221;{}&#8221; sticky_enabled=&#8221;0&#8243;]<strong>Alla Leonardo da Vinci non ci fermiamo mai!<\/strong><\/p>\n<p>Scoprite alcuni dei progetti, concorsi e iniziative del nostro Gymnasium \u2013 Weiter so LDV!<\/p>\n<p>Seguiteci sui nostri canali social per altre novit\u00e0 e curiosit\u00e0\u2026[\/et_pb_text][\/et_pb_column][et_pb_column type=&#8221;1_2&#8243; _builder_version=&#8221;4.24.3&#8243; _module_preset=&#8221;default&#8221; global_colors_info=&#8221;{}&#8221;][et_pb_image src=&#8221;https:\/\/ldv-muenchen.de\/wp-content\/uploads\/2024\/06\/ldv-gymnasium-projekte.jpg&#8221; title_text=&#8221;ldv-gymnasium-projekte&#8221; _builder_version=&#8221;4.25.2&#8243; _module_preset=&#8221;default&#8221; global_colors_info=&#8221;{}&#8221;][\/et_pb_image][\/et_pb_column][\/et_pb_row][\/et_pb_section][et_pb_section fb_built=&#8221;1&#8243; admin_label=&#8221;3-Spalter&#8221; _builder_version=&#8221;4.25.2&#8243; _module_preset=&#8221;default&#8221; custom_margin=&#8221;-81px||||false|false&#8221; global_colors_info=&#8221;{}&#8221;][et_pb_row column_structure=&#8221;1_3,1_3,1_3&#8243; use_custom_gutter=&#8221;on&#8221; _builder_version=&#8221;4.25.1&#8243; _module_preset=&#8221;default&#8221; custom_margin=&#8221;0px||||false|false&#8221; custom_padding=&#8221;0px||||false|false&#8221; global_colors_info=&#8221;{}&#8221;][et_pb_column type=&#8221;1_3&#8243; _builder_version=&#8221;4.25.1&#8243; _module_preset=&#8221;default&#8221; global_colors_info=&#8221;{}&#8221;][et_pb_image src=&#8221;https:\/\/ldv-muenchen.de\/wp-content\/uploads\/2024\/06\/pexels-apasaric-2872755-scaled.jpg&#8221; title_text=&#8221;pexels-apasaric-2872755&#8243; _builder_version=&#8221;4.25.2&#8243; _module_preset=&#8221;default&#8221; custom_margin=&#8221;||0px||false|false&#8221; global_colors_info=&#8221;{}&#8221;][\/et_pb_image][et_pb_text _builder_version=&#8221;4.25.2&#8243; _module_preset=&#8221;default&#8221; background_color=&#8221;RGBA(255,255,255,0)&#8221; custom_margin=&#8221;0px||0px||false|false&#8221; custom_padding=&#8221;10px|10px|10px|10px|false|false&#8221; global_colors_info=&#8221;{}&#8221;]<\/p>\n<p><strong>LA BANANA TATUATA &#8211; PROGETTO ESTIVO DI ARTE<\/strong><\/p>\n<p>Con le classi 7a, 8a e 9a, \u00e8 stato tematizzato il tatuaggio (oggi ovunque in voga!).<\/p>\n<p>Gli studenti lo hanno realizzato utilizzando varie espressioni artistiche creando cos\u00ec un tatuaggio molto personale!<\/p>\n<p>La tecnica, che sembra molto facile a prima vista, nasconde la complessit\u00e0 di creare un lavoro artistico (bidimensionale) su un piano tridimensionale (la banana).<br \/><a href=\"https:\/\/www.ldv-muenchen.de\/images\/Jahresbericht\/2020\/Prsentation_Bananen_Tattoo.pdf\" target=\"_blank\" rel=\"noopener\"><span style=\"text-decoration: underline;\"><strong>Un risultato fruttuoso!<\/strong><\/span><\/a><\/p>\n<p>[\/et_pb_text][\/et_pb_column][et_pb_column type=&#8221;1_3&#8243; _builder_version=&#8221;4.25.1&#8243; _module_preset=&#8221;default&#8221; global_colors_info=&#8221;{}&#8221;][et_pb_image src=&#8221;https:\/\/ldv-muenchen.de\/wp-content\/uploads\/2024\/06\/pexels-arianna-tavaglione-3680502-5610454-scaled.jpg&#8221; title_text=&#8221;pexels-arianna-tavaglione-3680502-5610454&#8243; _builder_version=&#8221;4.25.2&#8243; _module_preset=&#8221;default&#8221; custom_margin=&#8221;||0px||false|false&#8221; custom_padding=&#8221;||0px||false|false&#8221; global_colors_info=&#8221;{}&#8221;][\/et_pb_image][et_pb_text _builder_version=&#8221;4.25.2&#8243; _module_preset=&#8221;default&#8221; background_color=&#8221;RGBA(255,255,255,0)&#8221; custom_margin=&#8221;0px||0px||false|false&#8221; custom_padding=&#8221;10px|10px|10px|10px|false|false&#8221; global_colors_info=&#8221;{}&#8221;]<\/p>\n<p><strong>L\u2019ANNO DANTESCO<\/strong><\/p>\n<p>Il 2021 \u00e8 stato dedicato interamente alla figura di Dante Alighieri.<\/p>\n<p>Le celebrazioni per i 700 anni dalla morte del sommo poeta sono state tantissime.<\/p>\n<p>Anche gli studenti della Ldv si sono avvicinati alle sue opere.<br \/>La <span style=\"text-decoration: underline;\"><a href=\"https:\/\/www.ldv-muenchen.de\/images\/Jahresbericht\/2021\/fin_5_Dante_Alighieri_2021.pdf\" target=\"_blank\" rel=\"noopener\">presentazione<\/a><\/span>\u00a0che segue \u00e8 una raccolta dei tanti lavori svolti dai nostri ragazzi per poter rendere omaggio al Padre della lingua italiana.<br \/>Buona lettura!<\/p>\n<p>[\/et_pb_text][\/et_pb_column][et_pb_column type=&#8221;1_3&#8243; _builder_version=&#8221;4.25.1&#8243; _module_preset=&#8221;default&#8221; global_colors_info=&#8221;{}&#8221;][et_pb_image src=&#8221;https:\/\/ldv-muenchen.de\/wp-content\/uploads\/2024\/06\/pexels-pixabay-371285-scaled.jpg&#8221; title_text=&#8221;pexels-pixabay-371285&#8243; _builder_version=&#8221;4.25.2&#8243; _module_preset=&#8221;default&#8221; custom_margin=&#8221;||0px||false|false&#8221; global_colors_info=&#8221;{}&#8221;][\/et_pb_image][et_pb_text _builder_version=&#8221;4.25.2&#8243; _module_preset=&#8221;default&#8221; background_color=&#8221;RGBA(255,255,255,0)&#8221; custom_margin=&#8221;0px||0px||false|false&#8221; custom_padding=&#8221;10px|10px|10px|10px|false|false&#8221; global_colors_info=&#8221;{}&#8221;]<strong>UN VIAGGIO LETTERARIO VERSO NUOVE AMICIZIE<\/strong><\/p>\n<p>Una lontana storia parla di due insegnanti di italiano, una residente a Monaco ed una a Verona, che desideravano mettere in contatto le proprie classi per un progetto di scrittura. Questo sogno si \u00e8 avverato e le classi 7. DE e IT, in L1 tedesco e italiano, hanno intrapreso questo viaggio virtuale alla scoperta dell\u2019altro, dell\u2019amico lontano, di Monaco o di Verona, sulle tracce del silent book \u201cDie Reise\u201d di Aaron Becker. Il risultato? Delle <span style=\"text-decoration: underline;\"><strong><a href=\"https:\/\/prezi.com\/view\/EIvVsZgAe7xJFiTPCLqD\/\" target=\"_blank\" rel=\"noopener\">fantastiche storie<\/a><\/strong><\/span>\u00a0storie scritte mescolando la lingua italiana e tedesca, frutto della nostra identit\u00e0 bilingue![\/et_pb_text][\/et_pb_column][\/et_pb_row][\/et_pb_section][et_pb_section fb_built=&#8221;1&#8243; admin_label=&#8221;3-Spalter&#8221; _builder_version=&#8221;4.25.2&#8243; _module_preset=&#8221;default&#8221; custom_margin=&#8221;-123px||||false|false&#8221; global_colors_info=&#8221;{}&#8221;][et_pb_row column_structure=&#8221;1_3,1_3,1_3&#8243; use_custom_gutter=&#8221;on&#8221; _builder_version=&#8221;4.25.1&#8243; _module_preset=&#8221;default&#8221; custom_margin=&#8221;0px||||false|false&#8221; custom_padding=&#8221;0px||||false|false&#8221; global_colors_info=&#8221;{}&#8221;][et_pb_column type=&#8221;1_3&#8243; _builder_version=&#8221;4.25.1&#8243; _module_preset=&#8221;default&#8221; global_colors_info=&#8221;{}&#8221;][et_pb_image src=&#8221;https:\/\/ldv-muenchen.de\/wp-content\/uploads\/2024\/06\/pexels-perfecto-capucine-515848-1475290-scaled.jpg&#8221; title_text=&#8221;pexels-perfecto-capucine-515848-1475290&#8243; _builder_version=&#8221;4.25.2&#8243; _module_preset=&#8221;default&#8221; custom_margin=&#8221;||0px||false|false&#8221; global_colors_info=&#8221;{}&#8221;][\/et_pb_image][et_pb_text _builder_version=&#8221;4.25.2&#8243; _module_preset=&#8221;default&#8221; background_color=&#8221;RGBA(255,255,255,0)&#8221; custom_margin=&#8221;0px||0px||false|false&#8221; custom_padding=&#8221;10px|10px|10px|10px|false|false&#8221; global_colors_info=&#8221;{}&#8221;]<\/p>\n<p><strong>UN E-BOOK A DUECENTO MANI<\/strong><\/p>\n<p>In occasione dei 100 anni dalla nascita di Gianni Rodari abbiamo realizzato un progetto interdisciplinare per ripercorrere le tappe della poetica del grande scrittore, giornalista e poeta italiano attraverso le sue opere. Cosa significa interdisciplinare? I ragazzi hanno ascoltato, letto, scritto, disegnato e cantato sulle note di Gianni Rodari e siamo lieti di presentarvi il frutto del loro entusiasmante lavoro. Ciascun alunno del Gymnasium Leonardo da Vinci potr\u00e0 dire di avere scritto gi\u00e0 il suo primo libro, perch\u00e9 questo <span style=\"text-decoration: underline;\"><strong><a href=\"https:\/\/read.bookcreator.com\/Vo3KmhTiGwZ3RzMtbR64AfTQvb42\/jFZuLnVSQUW5yO-YZ0HunA\/2uyOutH_QIeiviUSRlIICw\" target=\"_blank\" rel=\"noopener\">e-book<\/a> <\/strong><\/span>\u00a0\u00e8 frutto del lavoro di tutti&#8230;un e-book a duecento mani.<\/p>\n<p>[\/et_pb_text][\/et_pb_column][et_pb_column type=&#8221;1_3&#8243; _builder_version=&#8221;4.25.1&#8243; _module_preset=&#8221;default&#8221; global_colors_info=&#8221;{}&#8221;][et_pb_image src=&#8221;https:\/\/ldv-muenchen.de\/wp-content\/uploads\/2024\/06\/pexels-satja-santangtong-108386462-9575679-scaled.jpg&#8221; title_text=&#8221;pexels-satja-santangtong-108386462-9575679&#8243; _builder_version=&#8221;4.25.2&#8243; _module_preset=&#8221;default&#8221; custom_margin=&#8221;||0px||false|false&#8221; custom_padding=&#8221;||0px||false|false&#8221; global_colors_info=&#8221;{}&#8221;][\/et_pb_image][et_pb_text _builder_version=&#8221;4.25.2&#8243; _module_preset=&#8221;default&#8221; background_color=&#8221;RGBA(255,255,255,0)&#8221; custom_margin=&#8221;0px||0px||false|false&#8221; custom_padding=&#8221;10px|10px|10px|10px|false|false&#8221; global_colors_info=&#8221;{}&#8221;]<\/p>\n<p><strong>REVISIT THE MYTH &#8211; LA GIOCONDA <\/strong><\/p>\n<p>Con le classi settima e ottava abbiamo analizzato una delle opere pi\u00f9 famose e discusse del mondo artistico: la Gioconda di Leonardo da Vinci.<br \/>In un secondo tempo invece abbiamo affrontato gli artisti dell\u2019arte moderna e contemporanea che hanno rivisitato la Gioconda. Da Salvador Dal\u00ed e Andy Warhol a Botero.<br \/>Anche gli alunni hanno espresso le loro idee nella rivisitazione di quest\u2019opera, proseguendo una tradizione che dura da decenni e che continua a persistere anche oggi: la rivisitazione di un mito come continuo <span style=\"text-decoration: underline;\"><strong><a href=\"https:\/\/drive.google.com\/file\/d\/1ym8AfUz__UoHH9xyuZqDR9vRIJKOQbvj\/view\" target=\"_blank\" rel=\"noopener\">omaggio alla sua bellezza e contemporaneit\u00e0<\/a><\/strong><\/span>.<\/p>\n<p>[\/et_pb_text][\/et_pb_column][et_pb_column type=&#8221;1_3&#8243; _builder_version=&#8221;4.25.1&#8243; _module_preset=&#8221;default&#8221; global_colors_info=&#8221;{}&#8221;][et_pb_image src=&#8221;https:\/\/ldv-muenchen.de\/wp-content\/uploads\/2024\/06\/pexels-cottonbro-4722577-scaled.jpg&#8221; title_text=&#8221;pexels-cottonbro-4722577&#8243; _builder_version=&#8221;4.25.2&#8243; _module_preset=&#8221;default&#8221; custom_margin=&#8221;||0px||false|false&#8221; global_colors_info=&#8221;{}&#8221;][\/et_pb_image][et_pb_text _builder_version=&#8221;4.25.2&#8243; _module_preset=&#8221;default&#8221; background_color=&#8221;RGBA(255,255,255,0)&#8221; custom_margin=&#8221;0px||0px||false|false&#8221; custom_padding=&#8221;10px|10px|10px|10px|false|false&#8221; global_colors_info=&#8221;{}&#8221;]<\/p>\n<p><strong>SETTIMANA PROGETTO IN ONORE DI GIUSEPPE VERDI<\/strong><\/p>\n<p>In occasione dei 120 anni dalla morte del compositore (1901) abbiamo lavorato al progetto interdisciplinare dedicato al musicista di Busseto: ogni classe si \u00e8 occupata di un\u2019opera diversa, rielaborandone i contenuti fondamentali in diversi linguaggi letterari, figurativi, drammatici e musicali. Tutti i lavori sono stati uniti da un fil rouge, una sorta di cornice che, oltre a collegare tra loro gli elaborati delle diverse classi, ha l\u2019intento di catapultare lo spettatore all\u2019epoca di Verdi, facendogli rivivere il pulsante mondo dietro le quinte. <a href=\"https:\/\/drive.google.com\/file\/d\/1uTsVoU1ILLQlME5zaATsrP05oeTZn8lN\/view?usp=sharing\" target=\"_blank\" rel=\"noopener\"><span style=\"text-decoration: underline;\"><strong>Buona visione!<\/strong><\/span><\/a><span style=\"text-decoration: underline;\"><\/span><\/p>\n<p>[\/et_pb_text][\/et_pb_column][\/et_pb_row][\/et_pb_section]<\/p>\n","protected":false},"excerpt":{"rendered":"<p>Progetti, concorsi &amp; impressioniAlla Leonardo da Vinci non ci fermiamo mai! Scoprite alcuni dei progetti, concorsi e iniziative del nostro Gymnasium \u2013 Weiter so LDV! Seguiteci sui nostri canali social [&hellip;]<\/p>\n","protected":false},"author":1,"featured_media":0,"parent":0,"menu_order":0,"comment_status":"closed","ping_status":"closed","template":"","meta":{"_et_pb_use_builder":"on","_et_pb_old_content":"","_et_gb_content_width":"","_price":"","_stock":"","_tribe_ticket_header":"","_tribe_default_ticket_provider":"","_tribe_ticket_capacity":"0","_ticket_start_date":"","_ticket_end_date":"","_tribe_ticket_show_description":"","_tribe_ticket_show_not_going":false,"_tribe_ticket_use_global_stock":"","_tribe_ticket_global_stock_level":"","_global_stock_mode":"","_global_stock_cap":"","_tribe_rsvp_for_event":"","_tribe_ticket_going_count":"","_tribe_ticket_not_going_count":"","_tribe_tickets_list":"[]","_tribe_ticket_has_attendee_info_fields":false,"footnotes":"","_tec_slr_enabled":"","_tec_slr_layout":""},"dipi_cpt_category":[],"class_list":["post-26017652","page","type-page","status-publish","hentry"],"ticketed":false,"_links":{"self":[{"href":"https:\/\/ldv-muenchen.de\/it\/wp-json\/wp\/v2\/pages\/26017652","targetHints":{"allow":["GET"]}}],"collection":[{"href":"https:\/\/ldv-muenchen.de\/it\/wp-json\/wp\/v2\/pages"}],"about":[{"href":"https:\/\/ldv-muenchen.de\/it\/wp-json\/wp\/v2\/types\/page"}],"author":[{"embeddable":true,"href":"https:\/\/ldv-muenchen.de\/it\/wp-json\/wp\/v2\/users\/1"}],"replies":[{"embeddable":true,"href":"https:\/\/ldv-muenchen.de\/it\/wp-json\/wp\/v2\/comments?post=26017652"}],"version-history":[{"count":0,"href":"https:\/\/ldv-muenchen.de\/it\/wp-json\/wp\/v2\/pages\/26017652\/revisions"}],"wp:attachment":[{"href":"https:\/\/ldv-muenchen.de\/it\/wp-json\/wp\/v2\/media?parent=26017652"}],"wp:term":[{"taxonomy":"dipi_cpt_category","embeddable":true,"href":"https:\/\/ldv-muenchen.de\/it\/wp-json\/wp\/v2\/dipi_cpt_category?post=26017652"}],"curies":[{"name":"wp","href":"https:\/\/api.w.org\/{rel}","templated":true}]}}