{"id":26017574,"date":"2024-05-21T16:20:39","date_gmt":"2024-05-21T14:20:39","guid":{"rendered":"https:\/\/stage.ldv-muenchen.de\/projekte-wettbewerbe-impressionen\/"},"modified":"2025-09-02T12:10:24","modified_gmt":"2025-09-02T10:10:24","slug":"progetti-per-la-scuola-primaria","status":"publish","type":"page","link":"https:\/\/ldv-muenchen.de\/it\/progetti-per-la-scuola-primaria\/","title":{"rendered":"Progetti"},"content":{"rendered":"<p>[et_pb_section fb_built=&#8221;1&#8243; fullwidth=&#8221;on&#8221; admin_label=&#8221;Top Header&#8221; _builder_version=&#8221;4.25.1&#8243; _module_preset=&#8221;default&#8221; background_color=&#8221;RGBA(255,255,255,0)&#8221; background_enable_image=&#8221;off&#8221; global_colors_info=&#8221;{}&#8221;][et_pb_fullwidth_slider _builder_version=&#8221;4.25.2&#8243; _module_preset=&#8221;default&#8221; content_width=&#8221;100%&#8221; content_max_width=&#8221;1280px&#8221; global_colors_info=&#8221;{}&#8221;][et_pb_slide _builder_version=&#8221;4.25.2&#8243; _module_preset=&#8221;default&#8221; header_font=&#8221;PT Sans Narrow||||||||&#8221; header_text_align=&#8221;left&#8221; header_line_height=&#8221;1.3em&#8221; background_color=&#8221;RGBA(255,255,255,0)&#8221; background_enable_color=&#8221;on&#8221; background_image=&#8221;https:\/\/ldv-muenchen.de\/wp-content\/uploads\/2024\/06\/bilinguale-grundschule-muenchen.jpg&#8221; background_enable_image=&#8221;on&#8221; custom_button=&#8221;on&#8221; button_text_size=&#8221;16px&#8221; button_text_color=&#8221;#FFFFFF&#8221; button_bg_color=&#8221;#0C71C3&#8243; button_border_width=&#8221;2px&#8221; button_border_color=&#8221;#0C71C3&#8243; button_font=&#8221;PT Sans Narrow||||||||&#8221; button_use_icon=&#8221;on&#8221; button_icon=&#8221;&#x24;||divi||400&#8243; button_icon_color=&#8221;#FFFFFF&#8221; button_on_hover=&#8221;on&#8221; button_alignment=&#8221;left&#8221; text_orientation=&#8221;left&#8221; global_colors_info=&#8221;{}&#8221; sticky_transition=&#8221;on&#8221;][\/et_pb_slide][\/et_pb_fullwidth_slider][\/et_pb_section][et_pb_section fb_built=&#8221;1&#8243; admin_label=&#8221;Element 1\/1 \u00fcber Element Text 1\/2 Bild 1\/2&#8243; _builder_version=&#8221;4.25.1&#8243; _module_preset=&#8221;default&#8221; global_colors_info=&#8221;{}&#8221;][et_pb_row _builder_version=&#8221;4.25.1&#8243; _module_preset=&#8221;default&#8221; custom_margin=&#8221;||0px||false|false&#8221; custom_padding=&#8221;||0px||false|false&#8221; global_colors_info=&#8221;{}&#8221;][et_pb_column type=&#8221;4_4&#8243; _builder_version=&#8221;4.24.3&#8243; _module_preset=&#8221;default&#8221; global_colors_info=&#8221;{}&#8221;][et_pb_text _builder_version=&#8221;4.25.2&#8243; _module_preset=&#8221;default&#8221; header_2_font=&#8221;PT Sans Narrow||||||||&#8221; header_2_font_size=&#8221;30px&#8221; header_2_line_height=&#8221;1.3em&#8221; global_colors_info=&#8221;{}&#8221;]<\/p>\n<h2>Progetti, concorsi &amp; impressioni<\/h2>\n<p>[\/et_pb_text][\/et_pb_column][\/et_pb_row][et_pb_row column_structure=&#8221;1_2,1_2&#8243; use_custom_gutter=&#8221;on&#8221; _builder_version=&#8221;4.25.1&#8243; _module_preset=&#8221;default&#8221; custom_padding=&#8221;0px||||false|false&#8221; global_colors_info=&#8221;{}&#8221;][et_pb_column type=&#8221;1_2&#8243; _builder_version=&#8221;4.24.3&#8243; _module_preset=&#8221;default&#8221; global_colors_info=&#8221;{}&#8221;][et_pb_text _builder_version=&#8221;4.27.4&#8243; _module_preset=&#8221;default&#8221; hover_enabled=&#8221;0&#8243; global_colors_info=&#8221;{}&#8221; sticky_enabled=&#8221;0&#8243;]<\/p>\n<p><strong>Alla Leonardo da Vinci non ci fermiamo mai!<\/strong><\/p>\n<p>Scoprite alcuni dei progetti, concorsi e iniziative della nostra scuola primaria &#8211; Weiter so LDV!<\/p>\n<p>Seguiteci sui nostri canali social per altre novit\u00e0 e curiosit\u00e0&#8230;<\/p>\n<p>[\/et_pb_text][\/et_pb_column][et_pb_column type=&#8221;1_2&#8243; _builder_version=&#8221;4.24.3&#8243; _module_preset=&#8221;default&#8221; global_colors_info=&#8221;{}&#8221;][et_pb_image src=&#8221;https:\/\/ldv-muenchen.de\/wp-content\/uploads\/2024\/06\/ldv-grundschule-projekte.jpg&#8221; title_text=&#8221;ldv-grundschule-projekte&#8221; _builder_version=&#8221;4.25.2&#8243; _module_preset=&#8221;default&#8221; global_colors_info=&#8221;{}&#8221;][\/et_pb_image][\/et_pb_column][\/et_pb_row][\/et_pb_section][et_pb_section fb_built=&#8221;1&#8243; admin_label=&#8221;3-Spalter&#8221; _builder_version=&#8221;4.25.2&#8243; _module_preset=&#8221;default&#8221; custom_margin=&#8221;-81px||||false|false&#8221; global_colors_info=&#8221;{}&#8221;][et_pb_row column_structure=&#8221;1_3,1_3,1_3&#8243; use_custom_gutter=&#8221;on&#8221; _builder_version=&#8221;4.25.1&#8243; _module_preset=&#8221;default&#8221; custom_margin=&#8221;0px||||false|false&#8221; custom_padding=&#8221;0px||||false|false&#8221; global_colors_info=&#8221;{}&#8221;][et_pb_column type=&#8221;1_3&#8243; _builder_version=&#8221;4.25.1&#8243; _module_preset=&#8221;default&#8221; global_colors_info=&#8221;{}&#8221;][et_pb_image src=&#8221;https:\/\/ldv-muenchen.de\/wp-content\/uploads\/2024\/06\/iStock-1660178027-scaled.jpg&#8221; title_text=&#8221;Kids are having a fun&#8221; _builder_version=&#8221;4.25.2&#8243; _module_preset=&#8221;default&#8221; custom_margin=&#8221;||0px||false|false&#8221; global_colors_info=&#8221;{}&#8221;][\/et_pb_image][et_pb_text _builder_version=&#8221;4.25.2&#8243; _module_preset=&#8221;default&#8221; background_color=&#8221;RGBA(255,255,255,0)&#8221; custom_margin=&#8221;0px||0px||false|false&#8221; custom_padding=&#8221;10px|10px|10px|10px|false|false&#8221; global_colors_info=&#8221;{}&#8221;]<\/p>\n<p><strong>ALLA LDV SI LITIGA BENE!<\/strong><\/p>\n<p>A scuola \u00e8 arrivato il Metodo Litigare Bene. Grazie a un corso di formazione per insegnanti e a un incontro per i genitori tenuti dalla dott.ssa Bertolo, questo metodo, ideato dal Dott. Novara, noto pedagogista italiano, ha potuto essere sperimentato dai bambini delle prime classi della primaria.<\/p>\n<p>Si tratta, da parte degli adulti, di fare soprattutto \u201cdei passi indietro\u201d e lasciar litigare i bambini senza cercare colpe e punizioni e senza imporre soluzioni.<\/p>\n<p>Seguendo semplici regole e sostenendo i bambini nell\u2019 espressione delle loro versioni dell\u2019accaduto i litigi si trasformeranno da spiacevoli momenti di giudizio e umiliazione a occasioni di crescita e apprendimento. Perch\u00e9 imparare a litigare da piccoli serve tutta la vita!<\/p>\n<p>[\/et_pb_text][\/et_pb_column][et_pb_column type=&#8221;1_3&#8243; _builder_version=&#8221;4.25.1&#8243; _module_preset=&#8221;default&#8221; global_colors_info=&#8221;{}&#8221;][et_pb_image src=&#8221;https:\/\/ldv-muenchen.de\/wp-content\/uploads\/2024\/06\/LR6A7147-scaled.jpg&#8221; title_text=&#8221;LR6A7147&#8243; _builder_version=&#8221;4.25.2&#8243; _module_preset=&#8221;default&#8221; custom_margin=&#8221;||0px||false|false&#8221; custom_padding=&#8221;||0px||false|false&#8221; global_colors_info=&#8221;{}&#8221;][\/et_pb_image][et_pb_text _builder_version=&#8221;4.25.2&#8243; _module_preset=&#8221;default&#8221; background_color=&#8221;RGBA(255,255,255,0)&#8221; custom_margin=&#8221;0px||0px||false|false&#8221; custom_padding=&#8221;10px|10px|10px|10px|false|false&#8221; global_colors_info=&#8221;{}&#8221;]<\/p>\n<p><strong>CODING A SCUOLA<\/strong><\/p>\n<p>Il pensiero computazionale \u00e8 un processo mentale che consente di risolvere problemi di varia natura seguendo metodi e strumenti specifici che permettono di pianificare una strategia. Nella scuola LDV queste strategie sono sviluppate attraverso l\u2019utilizzo del coding che \u00e8 stato proposto in modalit\u00e0 unplugged cio\u00e8 senza l\u2019utilizzo del computer. Per svolgere questa attivit\u00e0 ci siamo serviti del tappeto di CodyRoby ideato dal Prof. Bogliolo e di tutte le proposte ludiche ed educative ad esso correlate. La robotica educativa, \u00e8 stata proposta attraverso la programmazione di piccole api robot, meglio conosciute come Bee-Bot. Gli alunni hanno potuto fare ipotesi, trovare soluzioni, collaudarle e valutarle al fine di attivare la capacit\u00e0 del problem solving, fondamento dell\u2019apprendimento efficace e dello sviluppo di una mente creativa.<\/p>\n<p>[\/et_pb_text][\/et_pb_column][et_pb_column type=&#8221;1_3&#8243; _builder_version=&#8221;4.25.1&#8243; _module_preset=&#8221;default&#8221; global_colors_info=&#8221;{}&#8221;][et_pb_image src=&#8221;https:\/\/ldv-muenchen.de\/wp-content\/uploads\/2024\/06\/LR6A7275-1-scaled.jpg&#8221; title_text=&#8221;LR6A7275&#8243; _builder_version=&#8221;4.25.2&#8243; _module_preset=&#8221;default&#8221; custom_margin=&#8221;||0px||false|false&#8221; global_colors_info=&#8221;{}&#8221;][\/et_pb_image][et_pb_text _builder_version=&#8221;4.25.2&#8243; _module_preset=&#8221;default&#8221; background_color=&#8221;RGBA(255,255,255,0)&#8221; custom_margin=&#8221;0px||0px||false|false&#8221; custom_padding=&#8221;10px|10px|10px|10px|false|false&#8221; global_colors_info=&#8221;{}&#8221;]<\/p>\n<p><strong>ARRIVANO GLI ALIENI<\/strong><\/p>\n<p>Sul pianeta L19D20V c\u2019\u00e8 una scuola dove gli alieni di tutta la galassia possono studiare le abitudini degli esseri che abitano gli altri pianeti. Come ogni anno arrivano le vacanze estive e la scuola chiuder\u00e0 per 2 anni luce. Nano e Giga, come tutti gli anni, fanno storie per andare al centro estivo del signor Nega. Ma quest\u2019anno la mamma di Nano ha puntato il telescopio su altri pianeti per vedere come altre mamme risolvessero il problema.<\/p>\n<p>Orientando il suo telescopio ultramegasuperpotente verso la Terra \u00e8 riuscita a leggere dal monitor della segreteria di una piccola scuola un programma davvero fantasioso. Senza perdere tempo ha inviato una richiesta via mail e il giorno dopo la Dr. Frau Dalle Mule le ha risposto accettando l\u2019iscrizione dei due bambini al Play&amp;Learn Week! Buona visione: <a href=\"https:\/\/drive.google.com\/file\/d\/1vXsOIZwcFswF77aL9HokEl1qq7X1aFG0\/view?usp=drive_link\" target=\"_blank\" rel=\"noopener\"><strong><span style=\"text-decoration: underline;\">Video<\/span><\/strong><\/a><\/p>\n<p>[\/et_pb_text][\/et_pb_column][\/et_pb_row][\/et_pb_section][et_pb_section fb_built=&#8221;1&#8243; admin_label=&#8221;3-Spalter&#8221; _builder_version=&#8221;4.25.2&#8243; _module_preset=&#8221;default&#8221; custom_margin=&#8221;-123px||||false|false&#8221; global_colors_info=&#8221;{}&#8221;][et_pb_row column_structure=&#8221;1_3,1_3,1_3&#8243; use_custom_gutter=&#8221;on&#8221; _builder_version=&#8221;4.25.1&#8243; _module_preset=&#8221;default&#8221; custom_margin=&#8221;0px||||false|false&#8221; custom_padding=&#8221;0px||||false|false&#8221; global_colors_info=&#8221;{}&#8221;][et_pb_column type=&#8221;1_3&#8243; _builder_version=&#8221;4.25.1&#8243; _module_preset=&#8221;default&#8221; global_colors_info=&#8221;{}&#8221;][et_pb_image src=&#8221;https:\/\/ldv-muenchen.de\/wp-content\/uploads\/2024\/06\/pexels-jonas-mohamadi-1490844-scaled.jpg&#8221; title_text=&#8221;pexels-jonas-mohamadi-1490844&#8243; _builder_version=&#8221;4.25.2&#8243; _module_preset=&#8221;default&#8221; custom_margin=&#8221;||0px||false|false&#8221; global_colors_info=&#8221;{}&#8221;][\/et_pb_image][et_pb_text _builder_version=&#8221;4.25.2&#8243; _module_preset=&#8221;default&#8221; background_color=&#8221;RGBA(255,255,255,0)&#8221; custom_margin=&#8221;0px||0px||false|false&#8221; custom_padding=&#8221;10px|10px|10px|10px|false|false&#8221; global_colors_info=&#8221;{}&#8221;]<\/p>\n<p><strong>\u00c8 UN SUONO O UN RUMORE? <\/strong><\/p>\n<p>Partendo dall\u2019astrofisica, Andrea Chiavassa ha riflettuto con gli alunni sulla differenza tra suono e rumore e con Lise Rebattu li ha coinvolti nell\u2019ascolto di due strumenti a corda: la viola da gamba e il violino. Hanno inoltre potuto scoprire che pi\u00f9 suoni insieme fanno la &#8220;musica&#8221; ascoltando una bella esecuzione del celebre Canone di Pachelbel. Dopo aver parlato di nuovo di astrofisica (ascoltando i buffi suoni del Sole) Andrea e Lise sono passati alle vibrazioni create dallo strumento e poi al ritmo e alla sua dinamica, permettendo agli alunni di percepire il suono toccando le corde che vibrano.<br \/>La musica \u00e8 per\u00f2 anche dialogo, non solo ascolto e cos\u00ec il laboratorio si \u00e8 concluso con un divertente litigio tra i due strumenti che con il suono hanno dialogato per trovare alla fine un accordo: sia la viola da gamba che il violino sono due strumenti meravigliosi!<\/p>\n<p>[\/et_pb_text][\/et_pb_column][et_pb_column type=&#8221;1_3&#8243; _builder_version=&#8221;4.25.1&#8243; _module_preset=&#8221;default&#8221; global_colors_info=&#8221;{}&#8221;][et_pb_image src=&#8221;https:\/\/ldv-muenchen.de\/wp-content\/uploads\/2024\/06\/pexels-nicole-michalou-6061743-scaled.jpg&#8221; title_text=&#8221;pexels-nicole-michalou-6061743&#8243; _builder_version=&#8221;4.25.2&#8243; _module_preset=&#8221;default&#8221; custom_margin=&#8221;||0px||false|false&#8221; custom_padding=&#8221;||0px||false|false&#8221; global_colors_info=&#8221;{}&#8221;][\/et_pb_image][et_pb_text _builder_version=&#8221;4.25.2&#8243; _module_preset=&#8221;default&#8221; background_color=&#8221;RGBA(255,255,255,0)&#8221; custom_margin=&#8221;0px||0px||false|false&#8221; custom_padding=&#8221;10px|10px|10px|10px|false|false&#8221; global_colors_info=&#8221;{}&#8221;]<strong>LE NOSTRE RICETTE PREFERITE<\/strong><\/p>\n<p>Ciao, siamo la classe 4 DE.<\/p>\n<p>Durante le vacanze di Natale abbiamo preparato tante delizie al forno che abbiamo poi presentato alla classe.<\/p>\n<p>Visto che alcuni compagni volevano provare anche le ricette degli altri, abbiamo avuto l\u2019idea di raccoglierle.<\/p>\n<p>Cos\u00ec sono nate \u201cLe nostre ricette preferite\u201d.<\/p>\n<p>Le trovate tutte nella presentazione PowerPoint: <span style=\"text-decoration: underline;\"><strong><a href=\"https:\/\/www.ldv-muenchen.de\/images\/Jahresbericht\/2020\/Unsere_Lieblingsrezepte.pdf\" target=\"_blank\" rel=\"noopener\">Le nostre ricette preferite <\/a><\/strong><\/span><\/p>\n<p>Provatele! <\/p>\n<p>La classe 4. DE augura a tutti buon divertimento![\/et_pb_text][\/et_pb_column][et_pb_column type=&#8221;1_3&#8243; _builder_version=&#8221;4.25.1&#8243; _module_preset=&#8221;default&#8221; global_colors_info=&#8221;{}&#8221;][et_pb_image src=&#8221;https:\/\/ldv-muenchen.de\/wp-content\/uploads\/2024\/06\/LR6A2815-scaled.jpg&#8221; title_text=&#8221;LR6A2815&#8243; _builder_version=&#8221;4.25.2&#8243; _module_preset=&#8221;default&#8221; custom_margin=&#8221;||0px||false|false&#8221; global_colors_info=&#8221;{}&#8221;][\/et_pb_image][et_pb_text _builder_version=&#8221;4.25.2&#8243; _module_preset=&#8221;default&#8221; background_color=&#8221;RGBA(255,255,255,0)&#8221; custom_margin=&#8221;0px||0px||false|false&#8221; custom_padding=&#8221;10px|10px|10px|10px|false|false&#8221; global_colors_info=&#8221;{}&#8221;]<\/p>\n<p><strong>GIORNATA DEL LIBRO <\/strong><\/p>\n<p>Il 23 aprile di ogni anno si festeggia in tutto il mondo la Giornata del Libro e come sempre anche la nostra scuola ha partecipato attivamente all\u2019evento.<br \/>Cos\u00ec gli alunni delle 3e classi si sono impegnati tantissimo nello scegliere un libro da presentare in italiano e nel redigere una scheda di lettura.<\/p>\n<p>Tanti titoli diversi, personaggi e luoghi, realistici e fantastici, trame avvincenti e naturalmente un giudizio finale sul libro presentato non poteva mancare, gli alunni hanno presentato i loro libri dimostrando passione e interesse per le storie che hanno raccontato.<\/p>\n<p>Le creazioni poetiche della 3.IT e della 3.DE, come anche le loro schede di lettura sono state raccolte in un Padlet che trovate <span style=\"text-decoration: underline;\"><strong><a href=\"https:\/\/padlet.com\/barbara158\/Bookmarks\" target=\"_blank\" rel=\"noopener\">qui<\/a><\/strong><\/span>!<\/p>\n<p>Toll gemacht, e continuate cos\u00ed bambini!<\/p>\n<p>[\/et_pb_text][\/et_pb_column][\/et_pb_row][\/et_pb_section]<\/p>\n","protected":false},"excerpt":{"rendered":"<p>Progetti, concorsi &amp; impressioniAlla Leonardo da Vinci non ci fermiamo mai! Scoprite alcuni dei progetti, concorsi e iniziative della nostra scuola primaria &#8211; Weiter so LDV! Seguiteci sui nostri canali [&hellip;]<\/p>\n","protected":false},"author":1,"featured_media":0,"parent":0,"menu_order":0,"comment_status":"closed","ping_status":"closed","template":"","meta":{"_et_pb_use_builder":"on","_et_pb_old_content":"","_et_gb_content_width":"","_price":"","_stock":"","_tribe_ticket_header":"","_tribe_default_ticket_provider":"","_tribe_ticket_capacity":"0","_ticket_start_date":"","_ticket_end_date":"","_tribe_ticket_show_description":"","_tribe_ticket_show_not_going":false,"_tribe_ticket_use_global_stock":"","_tribe_ticket_global_stock_level":"","_global_stock_mode":"","_global_stock_cap":"","_tribe_rsvp_for_event":"","_tribe_ticket_going_count":"","_tribe_ticket_not_going_count":"","_tribe_tickets_list":"[]","_tribe_ticket_has_attendee_info_fields":false,"footnotes":"","_tec_slr_enabled":"","_tec_slr_layout":""},"dipi_cpt_category":[],"class_list":["post-26017574","page","type-page","status-publish","hentry"],"ticketed":false,"_links":{"self":[{"href":"https:\/\/ldv-muenchen.de\/it\/wp-json\/wp\/v2\/pages\/26017574","targetHints":{"allow":["GET"]}}],"collection":[{"href":"https:\/\/ldv-muenchen.de\/it\/wp-json\/wp\/v2\/pages"}],"about":[{"href":"https:\/\/ldv-muenchen.de\/it\/wp-json\/wp\/v2\/types\/page"}],"author":[{"embeddable":true,"href":"https:\/\/ldv-muenchen.de\/it\/wp-json\/wp\/v2\/users\/1"}],"replies":[{"embeddable":true,"href":"https:\/\/ldv-muenchen.de\/it\/wp-json\/wp\/v2\/comments?post=26017574"}],"version-history":[{"count":0,"href":"https:\/\/ldv-muenchen.de\/it\/wp-json\/wp\/v2\/pages\/26017574\/revisions"}],"wp:attachment":[{"href":"https:\/\/ldv-muenchen.de\/it\/wp-json\/wp\/v2\/media?parent=26017574"}],"wp:term":[{"taxonomy":"dipi_cpt_category","embeddable":true,"href":"https:\/\/ldv-muenchen.de\/it\/wp-json\/wp\/v2\/dipi_cpt_category?post=26017574"}],"curies":[{"name":"wp","href":"https:\/\/api.w.org\/{rel}","templated":true}]}}